{"id":821,"date":"2020-09-04T09:15:54","date_gmt":"2020-09-04T09:15:54","guid":{"rendered":"https:\/\/www.haciendalosconejitos.com\/encasa\/?post_type=product&#038;p=821"},"modified":"2020-09-19T13:20:54","modified_gmt":"2020-09-19T13:20:54","slug":"blancos-rosados-y-dulces","status":"publish","type":"product","link":"https:\/\/www.haciendalosconejitos.com\/encasa\/producto\/blancos-rosados-y-dulces\/","title":{"rendered":"Blancos, rosados y espumosos"},"content":{"rendered":"","protected":false},"excerpt":{"rendered":"<p>En nuestra bodega climatizada mantenemos unos excelentes vinos de diferentes D.O. , entre ellos los exquisitos vinos de M\u00e1laga que pueden degustar en casa.<\/p>\n<p><strong>Rosados<\/strong><\/p>\n<ul>\n<li>Lambrusco rosado \/ 3,60\u20ac<\/li>\n<li>Flor Flor\u00eds rosado (\u00c1lora) \/ 7,95\u20ac<\/li>\n<\/ul>\n<p><strong>Blancos<\/strong><\/p>\n<ul>\n<li>Finca los Trenzones &#8211; Verdejo \/ 5,95\u20ac<\/li>\n<li>Flor Flor\u00eds blanco moscatel seco &#8211; \u00c1lora \/ 8,50\u20ac<\/li>\n<li>Cortijo de La Fuente afrutado seco &#8211; Mollina \/ 6,95\u20ac<\/li>\n<li>Rebalaje blanco (Sierras de M\u00e1laga) \/ 5,40\u20ac<\/li>\n<li>Blanco seco Don Pepe de Cortijo La Fuente &#8211; Mollina \/ 7,95\u20ac<\/li>\n<\/ul>\n<p><strong>Otros vinos<\/strong><\/p>\n<ul>\n<li>Pedro Ximenez Solera &#8211; Dulce Cortijo de Fuente 50cl \/ 5,95\u20ac<\/li>\n<li>Verm\u00fa Casser &#8211; Bodega P\u00e9rez Hidalgo -\u00c1lora \/ 8,50\u20ac<\/li>\n<li>Espumoso de moscatel Apiane (Mollina) \/ 8,50\u20ac<\/li>\n<\/ul>\n","protected":false},"featured_media":1621,"template":"","meta":[],"product_brand":[],"product_cat":[24],"product_tag":[],"class_list":{"0":"post-821","1":"product","2":"type-product","3":"status-publish","4":"has-post-thumbnail","6":"product_cat-bodega","7":"product-grid-view","9":"first","10":"instock","11":"taxable","12":"shipping-taxable","13":"purchasable","14":"product-type-variable"},"_links":{"self":[{"href":"https:\/\/www.haciendalosconejitos.com\/encasa\/wp-json\/wp\/v2\/product\/821","targetHints":{"allow":["GET"]}}],"collection":[{"href":"https:\/\/www.haciendalosconejitos.com\/encasa\/wp-json\/wp\/v2\/product"}],"about":[{"href":"https:\/\/www.haciendalosconejitos.com\/encasa\/wp-json\/wp\/v2\/types\/product"}],"wp:featuredmedia":[{"embeddable":true,"href":"https:\/\/www.haciendalosconejitos.com\/encasa\/wp-json\/wp\/v2\/media\/1621"}],"wp:attachment":[{"href":"https:\/\/www.haciendalosconejitos.com\/encasa\/wp-json\/wp\/v2\/media?parent=821"}],"wp:term":[{"taxonomy":"product_brand","embeddable":true,"href":"https:\/\/www.haciendalosconejitos.com\/encasa\/wp-json\/wp\/v2\/product_brand?post=821"},{"taxonomy":"product_cat","embeddable":true,"href":"https:\/\/www.haciendalosconejitos.com\/encasa\/wp-json\/wp\/v2\/product_cat?post=821"},{"taxonomy":"product_tag","embeddable":true,"href":"https:\/\/www.haciendalosconejitos.com\/encasa\/wp-json\/wp\/v2\/product_tag?post=821"}],"curies":[{"name":"wp","href":"https:\/\/api.w.org\/{rel}","templated":true}]}}