{"id":245,"date":"2020-04-07T09:50:13","date_gmt":"2020-04-07T09:50:13","guid":{"rendered":"https:\/\/www.haciendalosconejitos.com\/encasa\/?post_type=product&#038;p=245"},"modified":"2022-12-03T18:59:22","modified_gmt":"2022-12-03T18:59:22","slug":"porra-antequerana","status":"publish","type":"product","link":"https:\/\/www.haciendalosconejitos.com\/encasa\/producto\/porra-antequerana\/","title":{"rendered":"Porra Antequerana (Raciones)"},"content":{"rendered":"","protected":false},"excerpt":{"rendered":"<p><strong>La tradicional Porra Antequerana<\/strong><\/p>\n<p>Le preparamos la autentica Porra Antequerana para tomar en casa acompa\u00f1ada de huevo cocido, jam\u00f3n serrano y at\u00fan.<a class=\"tooltip-top\" href=\"#\" data-tooltip=\"Contiene Gluten\"><img decoding=\"async\" src=\"https:\/\/www.haciendalosconejitos.com\/encasa\/wp-content\/plugins\/alergenos-alimentarios-indianwebs\/images\/familia-1\/contiene-gluten.png\" border=\"0\" hspace=\"5\" \/><\/a><a class=\"tooltip-top\" href=\"#\" data-tooltip=\"Pescado\"><img decoding=\"async\" src=\"https:\/\/www.haciendalosconejitos.com\/encasa\/wp-content\/plugins\/alergenos-alimentarios-indianwebs\/images\/familia-1\/pescado.png\" border=\"0\" hspace=\"5\" \/><\/a><a class=\"tooltip-top\" href=\"#\" data-tooltip=\"Huevos\"><img decoding=\"async\" src=\"https:\/\/www.haciendalosconejitos.com\/encasa\/wp-content\/plugins\/alergenos-alimentarios-indianwebs\/images\/familia-1\/huevos.png\" border=\"0\" hspace=\"5\" \/><\/a><\/p>\n<p><strong>Las raciones est\u00e1n calculadas para compartir cada 4 personas.<\/strong><\/p>\n<ul>\n<li>Peso raci\u00f3n: 400 gramos<\/li>\n<li>Si sirven una raci\u00f3n cada 4 personas \/ 100gr por persona<\/li>\n<li><span style=\"color: #ff0000;\"><strong>Pedido m\u00ednimo 4 raciones \/ 16 personas<\/strong><\/span><\/li>\n<\/ul>\n<p>La presentaci\u00f3n se realizar\u00e1 en un lebrillo de barro adaptado al n\u00famero de raciones.<\/p>\n<ul>\n<li>Lebrillo\u00a0 con 4 raciones: 28\u20ac \/ 16 personas<\/li>\n<li>Lebrillo\u00a0 con 5 raciones: 35\u20ac \/ 20 personas<\/li>\n<li>Lebrillo\u00a0 con 6 raciones: 42\u20ac \/ 24 personas<\/li>\n<li>Lebrillo\u00a0 con 7 raciones: 49\u20ac \/ 28 personas<\/li>\n<li>Lebrillo\u00a0 con 8 raciones: 56\u20ac \/ 32 personas<\/li>\n<li>Lebrillo\u00a0 con 9 raciones: 63\u20ac \/ 28 personas<\/li>\n<li>Lebrillo\u00a0 con 10 raciones: 70\u20ac \/ 32 personas<\/li>\n<\/ul>\n<h2><span style=\"color: #ff0000;\">Lebrillo de barro DE REGALO<\/span><\/h2>\n","protected":false},"featured_media":1703,"template":"","meta":[],"product_brand":[],"product_cat":[29],"product_tag":[],"class_list":{"0":"post-245","1":"product","2":"type-product","3":"status-publish","4":"has-post-thumbnail","6":"product_cat-primeros","7":"product-grid-view","9":"first","10":"instock","11":"taxable","12":"shipping-taxable","13":"purchasable","14":"product-type-simple"},"_links":{"self":[{"href":"https:\/\/www.haciendalosconejitos.com\/encasa\/wp-json\/wp\/v2\/product\/245","targetHints":{"allow":["GET"]}}],"collection":[{"href":"https:\/\/www.haciendalosconejitos.com\/encasa\/wp-json\/wp\/v2\/product"}],"about":[{"href":"https:\/\/www.haciendalosconejitos.com\/encasa\/wp-json\/wp\/v2\/types\/product"}],"wp:featuredmedia":[{"embeddable":true,"href":"https:\/\/www.haciendalosconejitos.com\/encasa\/wp-json\/wp\/v2\/media\/1703"}],"wp:attachment":[{"href":"https:\/\/www.haciendalosconejitos.com\/encasa\/wp-json\/wp\/v2\/media?parent=245"}],"wp:term":[{"taxonomy":"product_brand","embeddable":true,"href":"https:\/\/www.haciendalosconejitos.com\/encasa\/wp-json\/wp\/v2\/product_brand?post=245"},{"taxonomy":"product_cat","embeddable":true,"href":"https:\/\/www.haciendalosconejitos.com\/encasa\/wp-json\/wp\/v2\/product_cat?post=245"},{"taxonomy":"product_tag","embeddable":true,"href":"https:\/\/www.haciendalosconejitos.com\/encasa\/wp-json\/wp\/v2\/product_tag?post=245"}],"curies":[{"name":"wp","href":"https:\/\/api.w.org\/{rel}","templated":true}]}}