{"id":239,"date":"2020-04-07T09:46:20","date_gmt":"2020-04-07T09:46:20","guid":{"rendered":"https:\/\/www.haciendalosconejitos.com\/encasa\/?post_type=product&#038;p=239"},"modified":"2022-12-05T12:17:04","modified_gmt":"2022-12-05T12:17:04","slug":"migas-camperas","status":"publish","type":"product","link":"https:\/\/www.haciendalosconejitos.com\/encasa\/producto\/migas-camperas\/","title":{"rendered":"Lebrillo de Migas camperas"},"content":{"rendered":"","protected":false},"excerpt":{"rendered":"<h2><span style=\"color: #ff0000;\">Lebrillo de regalo<\/span><\/h2>\n<p>Le preparamos las autenticas migas camperas para tomar en casa. <a class=\"tooltip-top\" href=\"#\" data-tooltip=\"Contiene Gluten\"><img decoding=\"async\" src=\"https:\/\/www.haciendalosconejitos.com\/encasa\/wp-content\/plugins\/alergenos-alimentarios-indianwebs\/images\/familia-1\/contiene-gluten.png\" border=\"0\" hspace=\"5\" \/><\/a><a class=\"tooltip-top\" href=\"#\" data-tooltip=\"Dioxido de Azufre y Sulfitos\"><img decoding=\"async\" src=\"https:\/\/www.haciendalosconejitos.com\/encasa\/wp-content\/plugins\/alergenos-alimentarios-indianwebs\/images\/familia-1\/dioxido-de-azufre-y-sulfitos.png\" border=\"0\" hspace=\"5\" \/><\/a><a class=\"tooltip-top\" href=\"#\" data-tooltip=\"Lacteos\"><img decoding=\"async\" src=\"https:\/\/www.haciendalosconejitos.com\/encasa\/wp-content\/plugins\/alergenos-alimentarios-indianwebs\/images\/familia-1\/lacteos.png\" border=\"0\" hspace=\"5\" \/><\/a><a class=\"tooltip-top\" href=\"#\" data-tooltip=\"Soja\"><img decoding=\"async\" src=\"https:\/\/www.haciendalosconejitos.com\/encasa\/wp-content\/plugins\/alergenos-alimentarios-indianwebs\/images\/familia-1\/soja.png\" border=\"0\" hspace=\"5\" \/><\/a><\/p>\n<p>Cada raci\u00f3n de migas lleva de acompa\u00f1amiento 2 trozos de lomo en manteca y tres pimientos fritos.<\/p>\n<p>Peso raci\u00f3n completa por persona aprox: 350 gramos<\/p>\n<p>La presentaci\u00f3n se realizar\u00e1 en un lebrillo de barro adaptado al n\u00famero de raciones.<\/p>\n<ul>\n<li>Lebrillo para 2 personas: 22\u20ac<\/li>\n<li>Lebrillo para 3 personas: 32\u20ac<\/li>\n<li>Lebrillo para 4 personas: 41\u20ac<\/li>\n<li>Lebrillo para 5 personas: 50\u20ac<\/li>\n<li>Lebrillo para 6 personas: 58\u20ac<\/li>\n<li>Lebrillo para 7 personas: 66\u20ac<\/li>\n<li>Lebrillo para 8 personas: 74\u20ac<\/li>\n<li>Lebrillo para 9 personas: 82\u20ac<\/li>\n<li>Lebrillo para 10 personas: 89\u20ac<\/li>\n<\/ul>\n","protected":false},"featured_media":1501,"template":"","meta":[],"product_brand":[],"product_cat":[29],"product_tag":[],"class_list":{"0":"post-239","1":"product","2":"type-product","3":"status-publish","4":"has-post-thumbnail","6":"product_cat-primeros","7":"product-grid-view","9":"first","10":"instock","11":"taxable","12":"shipping-taxable","13":"purchasable","14":"product-type-variable"},"_links":{"self":[{"href":"https:\/\/www.haciendalosconejitos.com\/encasa\/wp-json\/wp\/v2\/product\/239","targetHints":{"allow":["GET"]}}],"collection":[{"href":"https:\/\/www.haciendalosconejitos.com\/encasa\/wp-json\/wp\/v2\/product"}],"about":[{"href":"https:\/\/www.haciendalosconejitos.com\/encasa\/wp-json\/wp\/v2\/types\/product"}],"wp:featuredmedia":[{"embeddable":true,"href":"https:\/\/www.haciendalosconejitos.com\/encasa\/wp-json\/wp\/v2\/media\/1501"}],"wp:attachment":[{"href":"https:\/\/www.haciendalosconejitos.com\/encasa\/wp-json\/wp\/v2\/media?parent=239"}],"wp:term":[{"taxonomy":"product_brand","embeddable":true,"href":"https:\/\/www.haciendalosconejitos.com\/encasa\/wp-json\/wp\/v2\/product_brand?post=239"},{"taxonomy":"product_cat","embeddable":true,"href":"https:\/\/www.haciendalosconejitos.com\/encasa\/wp-json\/wp\/v2\/product_cat?post=239"},{"taxonomy":"product_tag","embeddable":true,"href":"https:\/\/www.haciendalosconejitos.com\/encasa\/wp-json\/wp\/v2\/product_tag?post=239"}],"curies":[{"name":"wp","href":"https:\/\/api.w.org\/{rel}","templated":true}]}}