{"id":2340,"date":"2022-12-11T10:22:22","date_gmt":"2022-12-11T10:22:22","guid":{"rendered":"https:\/\/www.haciendalosconejitos.com\/encasa\/?post_type=product&#038;p=2340"},"modified":"2022-12-11T10:29:18","modified_gmt":"2022-12-11T10:29:18","slug":"medallon-de-pollo-con-salsa-al-pedro-ximenez","status":"publish","type":"product","link":"https:\/\/www.haciendalosconejitos.com\/encasa\/producto\/medallon-de-pollo-con-salsa-al-pedro-ximenez\/","title":{"rendered":"Medall\u00f3n de pollo al Pedro Xim\u00e9nez"},"content":{"rendered":"","protected":false},"excerpt":{"rendered":"<p>Medall\u00f3n de pollo con salsa al Pedro Xim\u00e9nez con pasas y patatas panaderas<\/p>\n","protected":false},"featured_media":2341,"template":"","meta":[],"product_brand":[],"product_cat":[26],"product_tag":[],"class_list":{"0":"post-2340","1":"product","2":"type-product","3":"status-publish","4":"has-post-thumbnail","6":"product_cat-segundos","7":"product-grid-view","9":"first","10":"instock","11":"taxable","12":"shipping-taxable","13":"purchasable","14":"product-type-simple"},"_links":{"self":[{"href":"https:\/\/www.haciendalosconejitos.com\/encasa\/wp-json\/wp\/v2\/product\/2340","targetHints":{"allow":["GET"]}}],"collection":[{"href":"https:\/\/www.haciendalosconejitos.com\/encasa\/wp-json\/wp\/v2\/product"}],"about":[{"href":"https:\/\/www.haciendalosconejitos.com\/encasa\/wp-json\/wp\/v2\/types\/product"}],"wp:featuredmedia":[{"embeddable":true,"href":"https:\/\/www.haciendalosconejitos.com\/encasa\/wp-json\/wp\/v2\/media\/2341"}],"wp:attachment":[{"href":"https:\/\/www.haciendalosconejitos.com\/encasa\/wp-json\/wp\/v2\/media?parent=2340"}],"wp:term":[{"taxonomy":"product_brand","embeddable":true,"href":"https:\/\/www.haciendalosconejitos.com\/encasa\/wp-json\/wp\/v2\/product_brand?post=2340"},{"taxonomy":"product_cat","embeddable":true,"href":"https:\/\/www.haciendalosconejitos.com\/encasa\/wp-json\/wp\/v2\/product_cat?post=2340"},{"taxonomy":"product_tag","embeddable":true,"href":"https:\/\/www.haciendalosconejitos.com\/encasa\/wp-json\/wp\/v2\/product_tag?post=2340"}],"curies":[{"name":"wp","href":"https:\/\/api.w.org\/{rel}","templated":true}]}}