{"id":232,"date":"2020-04-07T09:38:21","date_gmt":"2020-04-07T09:38:21","guid":{"rendered":"https:\/\/www.haciendalosconejitos.com\/encasa\/?post_type=product&#038;p=232"},"modified":"2024-06-22T13:18:42","modified_gmt":"2024-06-22T13:18:42","slug":"sopas-perotas","status":"publish","type":"product","link":"https:\/\/www.haciendalosconejitos.com\/encasa\/producto\/sopas-perotas\/","title":{"rendered":"Lebrillo de Sopas Perotas"},"content":{"rendered":"","protected":false},"excerpt":{"rendered":"<p><strong>Le preparamos nuestro plato t\u00edpico local (Sopas Perotas) para tomar en casa acompa\u00f1ado de Aceitunas Alore\u00f1as ali\u00f1adas o frutas de temporada.<\/strong><a class=\"tooltip-top\" href=\"#\" data-tooltip=\"Contiene Gluten\"><img decoding=\"async\" src=\"https:\/\/www.haciendalosconejitos.com\/encasa\/wp-content\/plugins\/alergenos-alimentarios-indianwebs\/images\/familia-1\/contiene-gluten.png\" border=\"0\" hspace=\"5\" \/><\/a><\/p>\n<ul>\n<li>Lebrillo 2 raciones: 13,95\u20ac<\/li>\n<li>Lebrillo 3 raciones: 19\u20ac<\/li>\n<li>Lebrillo 4 raciones: 24\u20ac<\/li>\n<li>Lebrillo 5 raciones: 29\u20ac<\/li>\n<li>Lebrillo 6 raciones: 34\u20ac<\/li>\n<li>Lebrillo 7 raciones: 39\u20ac<\/li>\n<li>Lebrillo 8 raciones: 44\u20ac<\/li>\n<li>Lebrillo 9 raciones: 49\u20ac<\/li>\n<li>Lebrillo 10 raciones: 54\u20ac<\/li>\n<\/ul>\n","protected":false},"featured_media":1904,"template":"","meta":[],"product_brand":[],"product_cat":[236,29],"product_tag":[],"class_list":{"0":"post-232","1":"product","2":"type-product","3":"status-publish","4":"has-post-thumbnail","6":"product_cat-alojamientos-rurales","7":"product_cat-primeros","8":"product-grid-view","10":"first","11":"instock","12":"taxable","13":"shipping-taxable","14":"purchasable","15":"product-type-variable"},"_links":{"self":[{"href":"https:\/\/www.haciendalosconejitos.com\/encasa\/wp-json\/wp\/v2\/product\/232","targetHints":{"allow":["GET"]}}],"collection":[{"href":"https:\/\/www.haciendalosconejitos.com\/encasa\/wp-json\/wp\/v2\/product"}],"about":[{"href":"https:\/\/www.haciendalosconejitos.com\/encasa\/wp-json\/wp\/v2\/types\/product"}],"wp:featuredmedia":[{"embeddable":true,"href":"https:\/\/www.haciendalosconejitos.com\/encasa\/wp-json\/wp\/v2\/media\/1904"}],"wp:attachment":[{"href":"https:\/\/www.haciendalosconejitos.com\/encasa\/wp-json\/wp\/v2\/media?parent=232"}],"wp:term":[{"taxonomy":"product_brand","embeddable":true,"href":"https:\/\/www.haciendalosconejitos.com\/encasa\/wp-json\/wp\/v2\/product_brand?post=232"},{"taxonomy":"product_cat","embeddable":true,"href":"https:\/\/www.haciendalosconejitos.com\/encasa\/wp-json\/wp\/v2\/product_cat?post=232"},{"taxonomy":"product_tag","embeddable":true,"href":"https:\/\/www.haciendalosconejitos.com\/encasa\/wp-json\/wp\/v2\/product_tag?post=232"}],"curies":[{"name":"wp","href":"https:\/\/api.w.org\/{rel}","templated":true}]}}