{"id":2286,"date":"2022-05-19T11:30:33","date_gmt":"2022-05-19T11:30:33","guid":{"rendered":"https:\/\/www.haciendalosconejitos.com\/encasa\/?post_type=product&#038;p=2286"},"modified":"2024-06-22T13:19:27","modified_gmt":"2024-06-22T13:19:27","slug":"arroz-caldoso-con-pollo-y-verduras","status":"publish","type":"product","link":"https:\/\/www.haciendalosconejitos.com\/encasa\/producto\/arroz-caldoso-con-pollo-y-verduras\/","title":{"rendered":"Arroz caldoso con pollo"},"content":{"rendered":"","protected":false},"excerpt":{"rendered":"<p><strong>Plato principal de arroz caldoso con pollo y verduras<\/strong><\/p>\n<p>Ingredientes:<\/p>\n<p>Arroz, gambas, verduras, pollo.\u00a0 <a class=\"tooltip-top\" href=\"#\" data-tooltip=\"Dioxido de Azufre y Sulfitos\"><img decoding=\"async\" src=\"https:\/\/www.haciendalosconejitos.com\/encasa\/wp-content\/plugins\/alergenos-alimentarios-indianwebs\/images\/familia-1\/dioxido-de-azufre-y-sulfitos.png\" border=\"0\" hspace=\"5\" \/><\/a><a class=\"tooltip-top\" href=\"#\" data-tooltip=\"Crustaceos\"><img decoding=\"async\" src=\"https:\/\/www.haciendalosconejitos.com\/encasa\/wp-content\/plugins\/alergenos-alimentarios-indianwebs\/images\/familia-1\/crustaceos.png\" border=\"0\" hspace=\"5\" \/><\/a><\/p>\n<p>Cantidad m\u00ednima: 10 personas \/ Se puede realizar m\u00e1s peque\u00f1o abonando el m\u00ednimo establecido.<\/p>\n<p>Para la retirada del arroz caldoso tendr\u00e1n que traer su propio envase: En caso de no disponer de envase,\u00a0 le suministremos una olla nuestra para la cual dejaran una se\u00f1al que le ser\u00e1 devuelta al traer el envase.<\/p>\n","protected":false},"featured_media":2291,"template":"","meta":[],"product_brand":[],"product_cat":[236,29],"product_tag":[],"class_list":{"0":"post-2286","1":"product","2":"type-product","3":"status-publish","4":"has-post-thumbnail","6":"product_cat-alojamientos-rurales","7":"product_cat-primeros","8":"product-grid-view","10":"first","11":"instock","12":"taxable","13":"shipping-taxable","14":"purchasable","15":"product-type-simple"},"_links":{"self":[{"href":"https:\/\/www.haciendalosconejitos.com\/encasa\/wp-json\/wp\/v2\/product\/2286","targetHints":{"allow":["GET"]}}],"collection":[{"href":"https:\/\/www.haciendalosconejitos.com\/encasa\/wp-json\/wp\/v2\/product"}],"about":[{"href":"https:\/\/www.haciendalosconejitos.com\/encasa\/wp-json\/wp\/v2\/types\/product"}],"wp:featuredmedia":[{"embeddable":true,"href":"https:\/\/www.haciendalosconejitos.com\/encasa\/wp-json\/wp\/v2\/media\/2291"}],"wp:attachment":[{"href":"https:\/\/www.haciendalosconejitos.com\/encasa\/wp-json\/wp\/v2\/media?parent=2286"}],"wp:term":[{"taxonomy":"product_brand","embeddable":true,"href":"https:\/\/www.haciendalosconejitos.com\/encasa\/wp-json\/wp\/v2\/product_brand?post=2286"},{"taxonomy":"product_cat","embeddable":true,"href":"https:\/\/www.haciendalosconejitos.com\/encasa\/wp-json\/wp\/v2\/product_cat?post=2286"},{"taxonomy":"product_tag","embeddable":true,"href":"https:\/\/www.haciendalosconejitos.com\/encasa\/wp-json\/wp\/v2\/product_tag?post=2286"}],"curies":[{"name":"wp","href":"https:\/\/api.w.org\/{rel}","templated":true}]}}