{"id":203,"date":"2020-04-07T08:35:14","date_gmt":"2020-04-07T08:35:14","guid":{"rendered":"https:\/\/www.haciendalosconejitos.com\/encasa\/?post_type=product&#038;p=203"},"modified":"2024-06-22T13:45:53","modified_gmt":"2024-06-22T13:45:53","slug":"ensalada-guadalhorce","status":"publish","type":"product","link":"https:\/\/www.haciendalosconejitos.com\/encasa\/producto\/ensalada-guadalhorce\/","title":{"rendered":"Ensalada Guadalhorce"},"content":{"rendered":"","protected":false},"excerpt":{"rendered":"<p>Ensalada Guadalhorce<a class=\"tooltip-top\" href=\"#\" data-tooltip=\"Lacteos\"><img decoding=\"async\" src=\"https:\/\/www.haciendalosconejitos.com\/encasa\/wp-content\/plugins\/alergenos-alimentarios-indianwebs\/images\/familia-1\/lacteos.png\" border=\"0\" hspace=\"5\" \/><\/a><a class=\"tooltip-top\" href=\"#\" data-tooltip=\"Mostaza\"><img decoding=\"async\" src=\"https:\/\/www.haciendalosconejitos.com\/encasa\/wp-content\/plugins\/alergenos-alimentarios-indianwebs\/images\/familia-1\/mostaza.png\" border=\"0\" hspace=\"5\" \/><\/a><\/p>\n<p>(Brotes tiernos con queso de cabra malague\u00f1a, mel\u00f3n, tomate, ar\u00e1ndanos y vinagreta de mostaza con miel)<\/p>\n","protected":false},"featured_media":1549,"template":"","meta":[],"product_brand":[],"product_cat":[236,22,213],"product_tag":[],"class_list":{"0":"post-203","1":"product","2":"type-product","3":"status-publish","4":"has-post-thumbnail","6":"product_cat-alojamientos-rurales","7":"product_cat-ensaladas","8":"product_cat-navidad","9":"product-grid-view","11":"first","12":"instock","13":"taxable","14":"shipping-taxable","15":"purchasable","16":"product-type-simple"},"_links":{"self":[{"href":"https:\/\/www.haciendalosconejitos.com\/encasa\/wp-json\/wp\/v2\/product\/203","targetHints":{"allow":["GET"]}}],"collection":[{"href":"https:\/\/www.haciendalosconejitos.com\/encasa\/wp-json\/wp\/v2\/product"}],"about":[{"href":"https:\/\/www.haciendalosconejitos.com\/encasa\/wp-json\/wp\/v2\/types\/product"}],"wp:featuredmedia":[{"embeddable":true,"href":"https:\/\/www.haciendalosconejitos.com\/encasa\/wp-json\/wp\/v2\/media\/1549"}],"wp:attachment":[{"href":"https:\/\/www.haciendalosconejitos.com\/encasa\/wp-json\/wp\/v2\/media?parent=203"}],"wp:term":[{"taxonomy":"product_brand","embeddable":true,"href":"https:\/\/www.haciendalosconejitos.com\/encasa\/wp-json\/wp\/v2\/product_brand?post=203"},{"taxonomy":"product_cat","embeddable":true,"href":"https:\/\/www.haciendalosconejitos.com\/encasa\/wp-json\/wp\/v2\/product_cat?post=203"},{"taxonomy":"product_tag","embeddable":true,"href":"https:\/\/www.haciendalosconejitos.com\/encasa\/wp-json\/wp\/v2\/product_tag?post=203"}],"curies":[{"name":"wp","href":"https:\/\/api.w.org\/{rel}","templated":true}]}}