{"id":1882,"date":"2020-09-22T09:06:12","date_gmt":"2020-09-22T09:06:12","guid":{"rendered":"https:\/\/www.haciendalosconejitos.com\/encasa\/?post_type=product&#038;p=1882"},"modified":"2024-06-23T09:45:30","modified_gmt":"2024-06-23T09:45:30","slug":"menu-solomillo-a-baja-temperatura","status":"publish","type":"product","link":"https:\/\/www.haciendalosconejitos.com\/encasa\/producto\/menu-solomillo-a-baja-temperatura\/","title":{"rendered":"Pack men\u00fa a la pimienta."},"content":{"rendered":"","protected":false},"excerpt":{"rendered":"<p><strong>Aperitivos para compartir<\/strong><\/p>\n<ul>\n<li>Jam\u00f3n Ib\u00e9rico recebo.<\/li>\n<li>3 d\u00e1tiles con queso y almendra por persona<\/li>\n<li>3 croquetas por persona a elegir (6 variedades)<\/li>\n<\/ul>\n<p><strong>Aperitivo principal individual (Mismo para todos)<\/strong><\/p>\n<ul>\n<li>Sopas Perotas\u00a0<strong>\u00a0<\/strong><\/li>\n<li>Ensaladilla malague\u00f1a<\/li>\n<li>Porra antequerana con jam\u00f3n. huevo cocido y at\u00fan<\/li>\n<li>Ensaladilla rusa con zanahoria y tomatito sherry<\/li>\n<\/ul>\n<p><strong>Plato principal<\/strong><\/p>\n<p>Solomillo de cerdo cocinado a baja temperatura con salsa a la pimienta verde y l\u00e1minas de champi\u00f1ones<\/p>\n<p>Guarnici\u00f3n de patatas fritas casqueadas<\/p>\n<p><strong>Postre (A elegir)<\/strong><\/p>\n<p>Tarta de queso o Tarta de la abuela<\/p>\n<p><strong>El men\u00fa se acompa\u00f1a de pan cateto hecho en horno de le\u00f1a.<\/strong><\/p>\n<hr \/>\n<p><span style=\"color: #000000;\"><strong>El pedido m\u00ednimo de este producto es para 4 personas<\/strong><\/span><\/p>\n<p><span style=\"color: #000000;\"><strong>Precio del men\u00fa desde 21\u20ac<\/strong><\/span><\/p>\n<p>&nbsp;<\/p>\n","protected":false},"featured_media":1897,"template":"","meta":[],"product_brand":[],"product_cat":[236,89],"product_tag":[],"class_list":{"0":"post-1882","1":"product","2":"type-product","3":"status-publish","4":"has-post-thumbnail","6":"product_cat-alojamientos-rurales","7":"product_cat-packs","8":"product-grid-view","10":"first","11":"instock","12":"taxable","13":"shipping-taxable","14":"purchasable","15":"product-type-simple"},"_links":{"self":[{"href":"https:\/\/www.haciendalosconejitos.com\/encasa\/wp-json\/wp\/v2\/product\/1882","targetHints":{"allow":["GET"]}}],"collection":[{"href":"https:\/\/www.haciendalosconejitos.com\/encasa\/wp-json\/wp\/v2\/product"}],"about":[{"href":"https:\/\/www.haciendalosconejitos.com\/encasa\/wp-json\/wp\/v2\/types\/product"}],"wp:featuredmedia":[{"embeddable":true,"href":"https:\/\/www.haciendalosconejitos.com\/encasa\/wp-json\/wp\/v2\/media\/1897"}],"wp:attachment":[{"href":"https:\/\/www.haciendalosconejitos.com\/encasa\/wp-json\/wp\/v2\/media?parent=1882"}],"wp:term":[{"taxonomy":"product_brand","embeddable":true,"href":"https:\/\/www.haciendalosconejitos.com\/encasa\/wp-json\/wp\/v2\/product_brand?post=1882"},{"taxonomy":"product_cat","embeddable":true,"href":"https:\/\/www.haciendalosconejitos.com\/encasa\/wp-json\/wp\/v2\/product_cat?post=1882"},{"taxonomy":"product_tag","embeddable":true,"href":"https:\/\/www.haciendalosconejitos.com\/encasa\/wp-json\/wp\/v2\/product_tag?post=1882"}],"curies":[{"name":"wp","href":"https:\/\/api.w.org\/{rel}","templated":true}]}}