{"id":28,"date":"2020-04-03T13:39:39","date_gmt":"2020-04-03T13:39:39","guid":{"rendered":"https:\/\/www.haciendalosconejitos.com\/encasa\/?page_id=28"},"modified":"2020-09-19T11:53:15","modified_gmt":"2020-09-19T11:53:15","slug":"terminos-de-servicio-y-aviso-legal","status":"publish","type":"page","link":"https:\/\/www.haciendalosconejitos.com\/encasa\/terminos-de-servicio-y-aviso-legal\/","title":{"rendered":"Terminos de servicio y aviso legal"},"content":{"rendered":"<div class=\"fusion-fullwidth fullwidth-box fusion-builder-row-1 fusion-flex-container nonhundred-percent-fullwidth non-hundred-percent-height-scrolling\" style=\"background-color: rgba(255,255,255,0);background-position: center center;background-repeat: no-repeat;border-width: 0px 0px 0px 0px;border-color:#e2e2e2;border-style:solid;\" ><div class=\"fusion-builder-row fusion-row fusion-flex-align-items-flex-start\" style=\"max-width:1508px;margin-left: calc(-4% \/ 2 );margin-right: calc(-4% \/ 2 );\"><div class=\"fusion-layout-column fusion_builder_column fusion-builder-column-0 fusion_builder_column_1_1 1_1 fusion-flex-column\"><div class=\"fusion-column-wrapper fusion-flex-justify-content-flex-start fusion-content-layout-column\" style=\"background-position:left top;background-repeat:no-repeat;-webkit-background-size:cover;-moz-background-size:cover;-o-background-size:cover;background-size:cover;padding: 0px 0px 0px 0px;\"><style type=\"text\/css\">@media only screen and (max-width:1024px) {.fusion-title.fusion-title-1{margin-top:0px!important;margin-bottom:20px!important;}}<\/style><div class=\"fusion-title title fusion-title-1 fusion-sep-none fusion-title-text fusion-title-size-one\" style=\"margin-top:0px;margin-bottom:20px;\"><h1 class=\"title-heading-left\" style=\"margin:0;\"><h4><strong>Condiciones de reserva &#8211; Gastroexperimenta en casa<\/strong><\/h4><\/h1><\/div><div class=\"fusion-text fusion-text-1\"><div class=\"panel-heading\">\n<p class=\"panel-title toggle fusion-responsive-typography-calculated\" data-fontsize=\"16\" data-lineheight=\"22.08px\"><strong><span class=\"fusion-toggle-heading\">\u00bfCon qu\u00e9 antelaci\u00f3n se realiza el pedido?<\/span><\/strong><\/p>\n<p class=\"panel-title toggle fusion-responsive-typography-calculated\" data-fontsize=\"16\" data-lineheight=\"22.08px\">Los pedidos tienen que ser realizados con un m\u00ednimo de 12 horas de antelaci\u00f3n, si desea realizar un pedido con menos antelaci\u00f3n contacte con nosotros 686685700. Los pedidos para m\u00e1s de 20 personas recomendamos que sean realizados con al menos 48 de antelaci\u00f3n.<\/p>\n<\/div>\n<div class=\"panel-heading\">\n<p class=\"panel-title toggle fusion-responsive-typography-calculated\" data-fontsize=\"16\" data-lineheight=\"22.08px\"><strong><span class=\"fusion-toggle-heading\">\u00bfSe puede cancelar un pedido realizado?<\/span><\/strong><\/p>\n<p class=\"panel-title toggle fusion-responsive-typography-calculated\" data-fontsize=\"16\" data-lineheight=\"22.08px\">En caso de tener que cancelar alg\u00fan pedido lo puede hacer hasta<strong>\u00a012 horas antes<\/strong>\u00a0de la hora de recogida,\u00a0<strong>sin gastos de cancelaci\u00f3n.<\/strong> En caso de cancelar dentro de las 12 horas previas a la recogida, tendr\u00e1 un gasto de cancelaci\u00f3n del 25% del importe del pedido.<\/p>\n<\/div>\n<div class=\"panel-heading\">\n<p class=\"panel-title toggle fusion-responsive-typography-calculated\" data-fontsize=\"16\" data-lineheight=\"22.08px\"><strong><span class=\"fusion-toggle-heading\">\u00bfC\u00f3mo se realiza el pago?<\/span><\/strong><\/p>\n<\/div>\n<div id=\"00715404aee4d4a5d\" class=\"panel-collapse collapse in\">\n<div class=\"panel-body toggle-content fusion-clearfix\">\n<p>Agregue al carrito los productos que desee comprar y siga los pasos que le indica la pasarela. Puede pagar por:<\/p>\n<ul>\n<li><strong>Tarjeta de cr\u00e9dito \/ d\u00e9bito<\/strong><\/li>\n<li><strong>Transferencia bancaria<\/strong><\/li>\n<li><strong>Bizum<\/strong><\/li>\n<\/ul>\n<\/div>\n<\/div>\n<div class=\"panel-heading\"><span class=\"fusion-toggle-heading\">\u00bfC\u00f3mo modificar un pedido ya realizado?<\/span><\/div>\n<div id=\"7d2e2e0a08a1bad53\" class=\"panel-collapse collapse in\">\n<div class=\"panel-body toggle-content fusion-clearfix\">Para modificar el pedido nos puede llamar por tel\u00e9fono al\u00a0<a href=\"tel:686685700\">686685700<\/a>, y le realizaremos las modificaciones. En caso de que haya que devolverle alg\u00fan importe o pagar m\u00e1s, esta operaci\u00f3n se dejar\u00e1 pendiente hasta la hora de recoger el pedido.<\/div>\n<\/div>\n<div>\n<p class=\"panel-title toggle fusion-responsive-typography-calculated\" data-fontsize=\"16\" data-lineheight=\"22.08px\"><strong><span class=\"fusion-toggle-heading\">Alergias e intolerancias<\/span><\/strong><\/p>\n<div id=\"f0980bd95eb1a523c\" class=\"panel-collapse collapse in\">\n<p class=\"panel-body toggle-content fusion-clearfix\">Si tienen alguna alergia o intolerancia, cons\u00faltenos al\u00a0<a href=\"tel:686685700\">686685700<\/a>\u00a0y le aclararemos todas las dudas que pueda tener, asimismo la confirmaremos los platos que podemos adaptarles, en caso de que contengan el al\u00e9rgeno.<\/p>\n<\/div>\n<\/div>\n<\/div><style type=\"text\/css\">@media only screen and (max-width:1024px) {.fusion-title.fusion-title-2{margin-top:0px!important;margin-bottom:20px!important;}}<\/style><div class=\"fusion-title title fusion-title-2 fusion-sep-none fusion-title-text fusion-title-size-one\" style=\"margin-top:0px;margin-bottom:20px;\"><h1 class=\"title-heading-left\" style=\"margin:0;\"><h4><strong>Reserva de eventos<\/strong><\/h4><\/h1><\/div><div class=\"fusion-text fusion-text-2\"><p><strong>\u00a0<\/strong><strong>Condiciones de cancelaci\u00f3n reserva de eventos:<\/strong><\/p>\n<p>Si realiza un pago en concepto de reserva de un espacio para alg\u00fan tipo\u00a0evento (Reserva de boda, reserva de comuni\u00f3n, reserva de bautizo, entrega a cuenta de eventos\u2026) es porque ya tiene una pre reserva directa realizada en nuestras instalaciones en la cual le hemos confirmado la disponibilidad del espacio elegido y condiciones, con lo cual prevalecer\u00e1n las condiciones especificadas en el contrato realizado en\u00a0nuestras instalaciones.<\/p>\n<p>No realice el pago para reservar un espacio sin tener confirmaci\u00f3n previa de disponibilidad.<\/p>\n<\/div><style type=\"text\/css\">@media only screen and (max-width:1024px) {.fusion-title.fusion-title-3{margin-top:0px!important;margin-bottom:20px!important;}}<\/style><div class=\"fusion-title title fusion-title-3 fusion-sep-none fusion-title-text fusion-title-size-two\" style=\"margin-top:0px;margin-bottom:20px;\"><h2 class=\"title-heading-left\" style=\"margin:0;\"><strong>Termino de servicio y aviso legal<\/strong><\/h2><\/div><div class=\"fusion-text fusion-text-3\"><p>\u00daltima actualizaci\u00f3n: septiembre 19, 2020<\/p>\n<\/div><div class=\"fusion-separator\" style=\"align-self: flex-start;margin-right:auto;margin-top:10px;margin-bottom:30px;width:100%;max-width:80px;\"><div class=\"fusion-separator-border sep-single sep-solid\" style=\"border-color:#e20b0b;border-top-width:3px;\"><\/div><\/div><div class=\"fusion-text fusion-text-4\"><p><strong>AVISO LEGAL:<\/strong>\u00a0Recogida de datos en p\u00e1gina web (LSSICE + LOPD) \u00abEn cumplimiento del Reglamento General de Protecci\u00f3n de Datos (UE) 2016\/679 del Parlamento Europeo y del Consejo de 27 de abril de 2016 le informamos que los datos por Vd. proporcionados ser\u00e1n objeto de tratamiento por parte de RESTAURANTE VENTA LOS CONEJITOS S.L. con CIF B29676053, con domicilio en ALORA (MALAGA), C.P. 29500, CARRETERA ALORA CARRATRACA Km 5, con la finalidad de prestarle el servicio solicitado y\/o contratado, realizar la facturaci\u00f3n del mismo. La base legal para el tratamiento de sus datos es la ejecuci\u00f3n del servicio por usted contratado y\/o solicitado. La oferta prospectiva de productos y servicios est\u00e1 basada en el consentimiento que se le solicita, sin que en ning\u00fan caso la retirada de este consentimiento condicione la ejecuci\u00f3n del contrato. Los datos proporcionados se conservar\u00e1n mientras se mantenga la relaci\u00f3n comercial o durante los a\u00f1os necesarios para cumplir con las obligaciones legales. Los datos no se ceder\u00e1n a terceros salvo en los casos en que exista una obligaci\u00f3n legal. Usted tiene derecho a obtener confirmaci\u00f3n sobre si RESTAURANTE VENTA LOS CONEJITOS S.L. estamos tratando sus datos personales y por tanto tiene derecho a ejercer sus derechos de acceso, rectificaci\u00f3n, limitaci\u00f3n del tratamiento, portabilidad, oposici\u00f3n al tratamiento y supresi\u00f3n de sus datos as\u00ed como el derecho a presentar una reclamaci\u00f3n ante la Autoridad de Controla mediante escrito dirigido a la direcci\u00f3n postal arriba mencionada o electr\u00f3nica E-mail:info@haciendalosconejitos.com adjuntado copia del DNI en ambos casos. Asimismo, le solicitamos su autorizaci\u00f3n para ofrecerle productos y servicios relacionados con los solicitados, prestados y\/o comercializados por nuestra entidad y poder de esa forma fidelizarle como cliente.<\/p>\n<p><strong>\u00a0<\/strong><\/p>\n<p><b>CLAUSULA INFORMATIVA Y POL\u00cdTICA DE PRIVACIDAD:<\/b><\/p>\n<p>La privacidad es de gran importancia para RESTAURANTE VENTA LOS CONEJITOS S.L. y queremos mantener una actitud abierta y transparente al tratar sus datos personales. Por lo tanto, disponemos de una pol\u00edtica que establece c\u00f3mo se tratan y protegen sus datos personales. \u00bfQui\u00e9n es el responsable del tratamiento de sus datos? RESTAURANTE VENTA LOS CONEJITOS S.L. | CIF: B29676053 | Dir.Postal: ALORA (MALAGA), C.P. 29500, CARRETERA ALORA CARRATRACA Km 5 | E-mail:info@haciendalosconejitos.com \u00bfCon qu\u00e9 finalidad tratamos sus datos personales? En RESTAURANTE VENTA LOS CONEJITOS S.L. tratamos la informaci\u00f3n que nos facilitan las personas interesadas con el fin de realizar la gesti\u00f3n administrativa, contable y fiscal de los servicios solicitados, as\u00ed como enviar comunicaciones comerciales sobre nuestros productos y servicios, para cuyo consentimiento usted haya prestado. \u00bfPor cu\u00e1nto tiempo conservaremos sus datos? Los datos se conservar\u00e1n mientras se mantenga la relaci\u00f3n comercial, y en su caso, durante los a\u00f1os necesarios para cumplir con las obligaciones legales que resulte de aplicaci\u00f3n. \u00bfCu\u00e1l es la legitimaci\u00f3n para el tratamiento de sus datos? Le indicamos la base legal para el tratamiento de sus datos: \u2013 Ejecuci\u00f3n de un contrato: Prestaci\u00f3n de los servicios solicitados \u2013 \u00a0Consentimiento del interesado: Env\u00edo de comunicaciones comerciales. \u00bfA qu\u00e9 destinatarios se comunicar\u00e1n sus datos? \u00danicamente se ceder\u00e1n sus datos a los terceros para los cuales hemos recabado debidamente su consentimiento, as\u00ed como para dar cumplimiento a las obligaciones legales. Transferencias de datos a terceros pa\u00edses No est\u00e1n previstas transferencias de datos a terceros pa\u00edses. \u00bfCu\u00e1les son sus derechos cuando nos facilita sus datos? Cualquier persona tiene derecho a obtener confirmaci\u00f3n sobre si en RESTAURANTE VENTA LOS CONEJITOS S.L. estamos tratando datos personales que les conciernan, o no. Las personas interesadas tienen derecho a acceder a sus datos personales, as\u00ed como a solicitar la rectificaci\u00f3n de los datos inexactos o, en su caso, solicitar su supresi\u00f3n cuando, entre otros motivos, los datos ya no sea necesarios para los fines que fueron recogidos. En determinadas circunstancias, los interesados podr\u00e1n solicitar la limitaci\u00f3n del tratamiento de sus datos, en cuyo caso \u00fanicamente los conservaremos para el ejercicio o la defensa de reclamaciones. En determinadas circunstancias y por motivos relacionados con su situaci\u00f3n particular, los interesados podr\u00e1n oponerse al tratamiento de sus datos. En este caso, RESTAURANTE VENTA LOS CONEJITOS S.L. dejar\u00e1 de tratar los datos, salvo por motivos leg\u00edtimos imperiosos, o el ejercicio o la defensa de posibles reclamaciones. Podr\u00e1 ejercitar materialmente sus derechos de la siguiente forma: dirigi\u00e9ndose a la direcci\u00f3n de correo electr\u00f3nico del responsable del tratamiento rese\u00f1ado anteriormente adjuntando copia de su DNI o documento de identidad. Si ha otorgado su consentimiento para alguna finalidad concreta, tiene derecho a retirar el consentimiento otorgado en cualquier momento, sin que ello afecte a la licitud del tratamiento basado en el consentimiento previo a su retirada. En caso de que sienta vulnerados sus derechos en lo concerniente a la protecci\u00f3n de sus datos personales, especialmente cuando no haya obtenido satisfacci\u00f3n en el ejercicio de sus derechos, puede presentar una reclamaci\u00f3n ante la Autoridad de Control en materia de Protecci\u00f3n de Datos competente a trav\u00e9s de su sitio web: www.agpd.es. \u00bfC\u00f3mo hemos obtenido sus datos? Los datos personales que tratamos en RESTAURANTE VENTA LOS CONEJITOS S.L. han sido directamente proporcionados por el interesado. Las categor\u00edas de datos que se tratan son: \u2013 Datos identificativos \u2013 Direcciones postales y electr\u00f3nicas \u2013 Informaci\u00f3n comercial.<\/p>\n<p>A.- Esta web\u00a0utiliza cookies propias o de terceros. Las cookies son peque\u00f1os archivos que nuestro ordenador env\u00eda al suyo, pero que no nos proporcionan informaci\u00f3n ni sobre su nombre, ni sobre cualquier dato de car\u00e1cter personal suyo. Cuando el usuario se encuentre navegando por las p\u00e1ginas web https:\/\/www.haciendalosconejitos.com \u00a0el servidor donde se encuentra alojada reconoce autom\u00e1ticamente la direcci\u00f3n IP de su ordenador, el d\u00eda y la hora en la que comienza la visita, en la que abandona la visita, as\u00ed como informaci\u00f3n sobre las distintas secciones consultadas. Es necesario que el servidor conozca estos datos para poder comunicarse y enviarle la petici\u00f3n realizada y que a trav\u00e9s del navegador se pueda ver en la pantalla.<\/p>\n<p>B.- Restaurante Venta Los Conejitos s.l . podr\u00e1 modificar, sin previo aviso, la informaci\u00f3n contenida en su sitio web, as\u00ed como su configuraci\u00f3n y presentaci\u00f3n.<\/p>\n<p>C.- Restaurante Venta Los Conejitos s.l . se compromete a trav\u00e9s de este medio a NO REALIZAR PUBLICIDAD ENGA\u00d1OSA. A estos efectos, por lo tanto, no ser\u00e1n considerados como publicidad enga\u00f1osa los errores formales o num\u00e9ricos que puedan encontrarse a lo largo del contenido de las distintas secciones de la web de https:\/\/www.haciendalosconejitos.com producidos como consecuencia de un mantenimiento y\/o actualizaci\u00f3n incompleta o defectuosa de la informaci\u00f3n contenida es estas secciones. Restaurante Venta Los Conejitos s.l . , como consecuencia de lo dispuesto en este apartado, se compromete a corregirlo tan pronto como tenga conocimiento de dichos errores, por tanto si detecta alguna anomal\u00eda o error rogamos nos lo ponga en conocimiento para subsanarlo lo antes posible.<\/p>\n<p>D.- Restaurante Venta Los Conejitos s.l . se compromete a no remitir informaciones comerciales sin identificarlas como tales, conforme a lo dispuesto en la Ley 34\/2002 de Servicios de la Sociedad de la Informaci\u00f3n y de comercio electr\u00f3nico. A estos efectos no ser\u00e1 considerado como comunicaci\u00f3n comercial toda la informaci\u00f3n que se env\u00ede clientes para felicitaciones, respuestas a solicitudes comerciales, respuestas a cuestionarios siempre que tenga por finalidad el mantenimiento de la relaci\u00f3n contractual existente entre cliente y Restaurante Venta Los Conejitos, as\u00ed como el desempe\u00f1o de las tareas de informaci\u00f3n, formaci\u00f3n y otras actividades propias del servicio que el cliente tiene contratado con la empresa.<\/p>\n<p>Las notificaciones a suscriptores de nuestra web realizadas por el propio cliente\u2026<\/p>\n<p>E.- Restaurante Venta Los Conejitos s.l . no se hace responsable del incumplimiento de cualquier norma aplicable en que pueda incurrir el usuario en su acceso al sitio web el presente sitio web y\/o en el uso de las informaciones contenidas en el mismo.<\/p>\n<p>F.- Restaurante Venta Los Conejitos s.l . no ser\u00e1 responsable de los da\u00f1os y perjuicios producidos o que puedan producirse, cualquiera que sea su naturaleza, que se deriven del uso de la informaci\u00f3n, de las materias contenidas en este web site y de los programas que incorpora. Los enlaces (Links) e hipertexto que posibiliten, a trav\u00e9s del sitio web el presente sitio web, acceder al usuario a prestaciones y servicios ofrecidos por terceros, no pertenecen ni se encuentran bajo el control de Restaurante Venta Los Conejitos s.l . ; dicha entidad no se hace responsable ni de la informaci\u00f3n contenida en los mismos ni de cualesquiera efectos que pudieran derivarse de dicha informaci\u00f3n.<\/p>\n<p>G.- Restaurante Venta Los Conejitos s.l . no se hace responsable del uso ileg\u00edtimo que terceras personas puedan hacer de los nombres de marca, nombres de producto, marcas comerciales que, no siendo propiedad de dicha entidad, aparezcan en el presente sitio web. Tampoco se responsabiliza de la integridad, veracidad y licitud del contenido de los enlaces a las Webs a las que pueda accederse desde el presente sitio web.<\/p>\n<p>H.- En definitiva, el Usuario es el \u00fanico responsable del uso que realice de los servicios, contenidos, enlaces (links) e hipertexto incluidos en el presente sitio web.<\/p>\n<ol start=\"4\">\n<li>Ley y jurisdicci\u00f3n aplicable<\/li>\n<\/ol>\n<p>Los presentes t\u00e9rminos de uso se someten a la legislaci\u00f3n espa\u00f1ola y en la medida en que la ley no establezca un fuero imperativo para alg\u00fan caso concreto y en el caso de que el Usuario tenga su domicilio fuera o dentro de Espa\u00f1a las partes se someten a la jurisdicci\u00f3n exclusiva de los tribunales de M\u00e1laga en todo lo relacionado con las mismas.<\/p>\n<p><strong>\u00a0<\/strong><\/p>\n<\/div><\/div><\/div><style type=\"text\/css\">.fusion-body .fusion-builder-column-0{width:100% !important;margin-top : 0px;margin-bottom : 20px;}.fusion-builder-column-0 > .fusion-column-wrapper {padding-top : 0px !important;padding-right : 0px !important;margin-right : 1.92%;padding-bottom : 0px !important;padding-left : 0px !important;margin-left : 1.92%;}@media only screen and (max-width:1024px) {.fusion-body .fusion-builder-column-0{width:100% !important;}.fusion-builder-column-0 > .fusion-column-wrapper {margin-right : 1.92%;margin-left : 1.92%;}}@media only screen and (max-width:640px) {.fusion-body .fusion-builder-column-0{width:100% !important;}.fusion-builder-column-0 > .fusion-column-wrapper {margin-right : 1.92%;margin-left : 1.92%;}}<\/style><\/div><style type=\"text\/css\">.fusion-body .fusion-flex-container.fusion-builder-row-1{ padding-top : 6%;margin-top : 0px;padding-right : 0px;padding-bottom : 6%;margin-bottom : 0px;padding-left : 0px;}<\/style><\/div>\n","protected":false},"excerpt":{"rendered":"","protected":false},"author":1,"featured_media":0,"parent":0,"menu_order":0,"comment_status":"closed","ping_status":"closed","template":"100-width.php","meta":{"footnotes":""},"class_list":["post-28","page","type-page","status-publish","hentry"],"_links":{"self":[{"href":"https:\/\/www.haciendalosconejitos.com\/encasa\/wp-json\/wp\/v2\/pages\/28","targetHints":{"allow":["GET"]}}],"collection":[{"href":"https:\/\/www.haciendalosconejitos.com\/encasa\/wp-json\/wp\/v2\/pages"}],"about":[{"href":"https:\/\/www.haciendalosconejitos.com\/encasa\/wp-json\/wp\/v2\/types\/page"}],"author":[{"embeddable":true,"href":"https:\/\/www.haciendalosconejitos.com\/encasa\/wp-json\/wp\/v2\/users\/1"}],"replies":[{"embeddable":true,"href":"https:\/\/www.haciendalosconejitos.com\/encasa\/wp-json\/wp\/v2\/comments?post=28"}],"version-history":[{"count":12,"href":"https:\/\/www.haciendalosconejitos.com\/encasa\/wp-json\/wp\/v2\/pages\/28\/revisions"}],"predecessor-version":[{"id":1794,"href":"https:\/\/www.haciendalosconejitos.com\/encasa\/wp-json\/wp\/v2\/pages\/28\/revisions\/1794"}],"wp:attachment":[{"href":"https:\/\/www.haciendalosconejitos.com\/encasa\/wp-json\/wp\/v2\/media?parent=28"}],"curies":[{"name":"wp","href":"https:\/\/api.w.org\/{rel}","templated":true}]}}